{"id":74,"date":"2024-06-09T05:00:03","date_gmt":"2024-06-09T05:00:03","guid":{"rendered":"http:\/\/careox-demo.local\/?page_id=74"},"modified":"2026-04-29T14:34:18","modified_gmt":"2026-04-29T14:34:18","slug":"nos-actions","status":"publish","type":"page","link":"https:\/\/ddosp.org\/?page_id=74","title":{"rendered":"Nos Actions"},"content":{"rendered":"\t\t<div data-elementor-type=\"wp-page\" data-elementor-id=\"74\" class=\"elementor elementor-74\">\n\t\t\t\t<div class=\"elementor-element elementor-element-708c6bd e-con-full e-flex e-con e-parent\" data-id=\"708c6bd\" data-element_type=\"container\" data-e-type=\"container\">\n\t\t\t\t<div class=\"elementor-element elementor-element-eb55333 elementor-widget elementor-widget-careox-Event\" data-id=\"eb55333\" data-element_type=\"widget\" data-e-type=\"widget\" data-widget_type=\"careox-Event.default\">\n\t\t\t\t<div class=\"elementor-widget-container\">\n\t\t\t\t\t\t<section class=\"event-one event-one--page\">\r\n\t\t<div class=\"container\">\r\n\t\t\t\t\t\t\t<div class=\"sec-title text-center\">\r\n\t\t\t\t\t\t\t\t\t\t\t<h6 class=\"sec-title__tagline bw-split-in-right\"><span class=\"sec-title__tagline__border\"><\/span>Nos \u00e9v\u00e8nements<\/h6><!-- \/.sec-title__tagline -->\r\n\t\t\t\t\t\t\t\t\t\t\t\t\t\t\t\t<h3 class=\"sec-title__title bw-split-in-left\">Notre biblioth\u00e8que d\"\u00e9v\u00e8nements<\/h3><!-- \/.sec-title__title -->\r\n\t\t\t\t\t\t\t\t\t<\/div><!-- \/.sec-title -->\r\n\t\t\t\t\t\t<div class=\"row gutter-y-30 masonry-layout\">\r\n\t\t\t\t\t\t\t\t\t<div class=\"col-xl-4 col-md-6\">\r\n\t\t\t\t\t\t<div class=\"event-one__item\">\r\n\t\t\t\t\t\t\t<img decoding=\"async\" src=\"https:\/\/ddosp.org\/wp-content\/uploads\/2024\/06\/event-1-1.jpg\" alt=\"alt\" title=\"event-1-1\" >\t\t\t\t\t\t\t<a href=\"https:\/\/ddosp.org\/event-details\/\"   class=\"event-one__item__rm\"><i class=\"icon-right-arrow\"><\/i><\/a>\r\n\t\t\t\t\t\t\t<div class=\"event-one__item__content\">\r\n\t\t\t\t\t\t\t\t<h3 class=\"event-one__item__title\"><a href=\"https:\/\/ddosp.org\/event-details\/\"  >Event Raised Poor<\/a><\/h3>\r\n\t\t\t\t\t\t\t\t<ul class=\"event-one__item__meta ml-0\">\r\n\t\t\t\t\t\t\t\t\t<li><i aria-hidden=\"true\" class=\"icofont-ui-calendar\"><\/i>02 Sep 2024<\/li>\r\n\t\t\t\t\t\t\t\t\t<li><i aria-hidden=\"true\" class=\"icofont-location-pin\"><\/i>London City<\/li>\r\n\t\t\t\t\t\t\t\t<\/ul>\r\n\t\t\t\t\t\t\t<\/div>\r\n\t\t\t\t\t\t<\/div>\r\n\t\t\t\t\t<\/div><!--item-->\r\n\t\t\t\t\t\t\t\t\t<div class=\"col-xl-4 col-md-6\">\r\n\t\t\t\t\t\t<div class=\"event-one__item\">\r\n\t\t\t\t\t\t\t<img decoding=\"async\" src=\"https:\/\/ddosp.org\/wp-content\/uploads\/2024\/06\/event-1-2.jpg\" alt=\"alt\" title=\"event-1-2\" >\t\t\t\t\t\t\t<a href=\"https:\/\/ddosp.org\/event-details\/\"   class=\"event-one__item__rm\"><i class=\"icon-right-arrow\"><\/i><\/a>\r\n\t\t\t\t\t\t\t<div class=\"event-one__item__content\">\r\n\t\t\t\t\t\t\t\t<h3 class=\"event-one__item__title\"><a href=\"https:\/\/ddosp.org\/event-details\/\"  >Event Raised Poor<\/a><\/h3>\r\n\t\t\t\t\t\t\t\t<ul class=\"event-one__item__meta ml-0\">\r\n\t\t\t\t\t\t\t\t\t<li><i aria-hidden=\"true\" class=\"icofont-ui-calendar\"><\/i>02 Sep 2024<\/li>\r\n\t\t\t\t\t\t\t\t\t<li><i aria-hidden=\"true\" class=\"icofont-location-pin\"><\/i>London City<\/li>\r\n\t\t\t\t\t\t\t\t<\/ul>\r\n\t\t\t\t\t\t\t<\/div>\r\n\t\t\t\t\t\t<\/div>\r\n\t\t\t\t\t<\/div><!--item-->\r\n\t\t\t\t\t\t\t\t\t<div class=\"col-xl-4 col-md-6\">\r\n\t\t\t\t\t\t<div class=\"event-one__item\">\r\n\t\t\t\t\t\t\t<img decoding=\"async\" src=\"https:\/\/ddosp.org\/wp-content\/uploads\/2024\/06\/event-1-3.jpg\" alt=\"alt\" title=\"event-1-3\" >\t\t\t\t\t\t\t<a href=\"https:\/\/ddosp.org\/event-details\/\"   class=\"event-one__item__rm\"><i class=\"icon-right-arrow\"><\/i><\/a>\r\n\t\t\t\t\t\t\t<div class=\"event-one__item__content\">\r\n\t\t\t\t\t\t\t\t<h3 class=\"event-one__item__title\"><a href=\"https:\/\/ddosp.org\/event-details\/\"  >Event Raised Poor<\/a><\/h3>\r\n\t\t\t\t\t\t\t\t<ul class=\"event-one__item__meta ml-0\">\r\n\t\t\t\t\t\t\t\t\t<li><i aria-hidden=\"true\" class=\"icofont-ui-calendar\"><\/i>02 Sep 2024<\/li>\r\n\t\t\t\t\t\t\t\t\t<li><i aria-hidden=\"true\" class=\"icofont-location-pin\"><\/i>London City<\/li>\r\n\t\t\t\t\t\t\t\t<\/ul>\r\n\t\t\t\t\t\t\t<\/div>\r\n\t\t\t\t\t\t<\/div>\r\n\t\t\t\t\t<\/div><!--item-->\r\n\t\t\t\t\t\t\t\t\t<div class=\"col-xl-4 col-md-6\">\r\n\t\t\t\t\t\t<div class=\"event-one__item\">\r\n\t\t\t\t\t\t\t<img decoding=\"async\" src=\"https:\/\/ddosp.org\/wp-content\/uploads\/2024\/06\/event-1-5.jpg\" alt=\"alt\" title=\"event-1-5\" >\t\t\t\t\t\t\t<a href=\"https:\/\/ddosp.org\/event-details\/\"   class=\"event-one__item__rm\"><i class=\"icon-right-arrow\"><\/i><\/a>\r\n\t\t\t\t\t\t\t<div class=\"event-one__item__content\">\r\n\t\t\t\t\t\t\t\t<h3 class=\"event-one__item__title\"><a href=\"https:\/\/ddosp.org\/event-details\/\"  >Event Raised Poor<\/a><\/h3>\r\n\t\t\t\t\t\t\t\t<ul class=\"event-one__item__meta ml-0\">\r\n\t\t\t\t\t\t\t\t\t<li><i aria-hidden=\"true\" class=\"icofont-ui-calendar\"><\/i>02 Sep 2024<\/li>\r\n\t\t\t\t\t\t\t\t\t<li><i aria-hidden=\"true\" class=\"icofont-location-pin\"><\/i>London City<\/li>\r\n\t\t\t\t\t\t\t\t<\/ul>\r\n\t\t\t\t\t\t\t<\/div>\r\n\t\t\t\t\t\t<\/div>\r\n\t\t\t\t\t<\/div><!--item-->\r\n\t\t\t\t\t\t\t\t\t<div class=\"col-xl-4 col-md-6\">\r\n\t\t\t\t\t\t<div class=\"event-one__item\">\r\n\t\t\t\t\t\t\t<img decoding=\"async\" src=\"https:\/\/ddosp.org\/wp-content\/uploads\/2024\/06\/event-1-4.jpg\" alt=\"alt\" title=\"event-1-4\" >\t\t\t\t\t\t\t<a href=\"https:\/\/ddosp.org\/event-details\/\"   class=\"event-one__item__rm\"><i class=\"icon-right-arrow\"><\/i><\/a>\r\n\t\t\t\t\t\t\t<div class=\"event-one__item__content\">\r\n\t\t\t\t\t\t\t\t<h3 class=\"event-one__item__title\"><a href=\"https:\/\/ddosp.org\/event-details\/\"  >Event Raised Poor<\/a><\/h3>\r\n\t\t\t\t\t\t\t\t<ul class=\"event-one__item__meta ml-0\">\r\n\t\t\t\t\t\t\t\t\t<li><i aria-hidden=\"true\" class=\"icofont-ui-calendar\"><\/i>02 Sep 2024<\/li>\r\n\t\t\t\t\t\t\t\t\t<li><i aria-hidden=\"true\" class=\"icofont-location-pin\"><\/i>London City<\/li>\r\n\t\t\t\t\t\t\t\t<\/ul>\r\n\t\t\t\t\t\t\t<\/div>\r\n\t\t\t\t\t\t<\/div>\r\n\t\t\t\t\t<\/div><!--item-->\r\n\t\t\t\t\t\t\t\t\t<div class=\"col-xl-4 col-md-6\">\r\n\t\t\t\t\t\t<div class=\"event-one__item\">\r\n\t\t\t\t\t\t\t<img decoding=\"async\" src=\"https:\/\/ddosp.org\/wp-content\/uploads\/2024\/06\/event-1-6.jpg\" alt=\"alt\" title=\"event-1-6\" >\t\t\t\t\t\t\t<a href=\"https:\/\/ddosp.org\/event-details\/\"   class=\"event-one__item__rm\"><i class=\"icon-right-arrow\"><\/i><\/a>\r\n\t\t\t\t\t\t\t<div class=\"event-one__item__content\">\r\n\t\t\t\t\t\t\t\t<h3 class=\"event-one__item__title\"><a href=\"https:\/\/ddosp.org\/event-details\/\"  >Event Raised Poor<\/a><\/h3>\r\n\t\t\t\t\t\t\t\t<ul class=\"event-one__item__meta ml-0\">\r\n\t\t\t\t\t\t\t\t\t<li><i aria-hidden=\"true\" class=\"icofont-ui-calendar\"><\/i>02 Sep 2024<\/li>\r\n\t\t\t\t\t\t\t\t\t<li><i aria-hidden=\"true\" class=\"icofont-location-pin\"><\/i>London City<\/li>\r\n\t\t\t\t\t\t\t\t<\/ul>\r\n\t\t\t\t\t\t\t<\/div>\r\n\t\t\t\t\t\t<\/div>\r\n\t\t\t\t\t<\/div><!--item-->\r\n\t\t\t\t\t\t\t<\/div>\r\n\t\t<\/div>\r\n\t<\/section>\r\n\t\t\t\t<\/div>\n\t\t\t\t<\/div>\n\t\t\t\t<\/div>\n\t\t<div class=\"elementor-element elementor-element-362b10ac e-con-full elementor-hidden-desktop elementor-hidden-tablet elementor-hidden-mobile e-flex e-con e-parent\" data-id=\"362b10ac\" data-element_type=\"container\" data-e-type=\"container\">\n\t\t\t\t<div class=\"elementor-element elementor-element-6e58ffc elementor-widget elementor-widget-careox-call-to-action\" data-id=\"6e58ffc\" data-element_type=\"widget\" data-e-type=\"widget\" data-widget_type=\"careox-call-to-action.default\">\n\t\t\t\t<div class=\"elementor-widget-container\">\n\t\t\t\t\t\t<section class=\"cta-two\">\r\n\t\t<div class=\"cta-two__shape\" style=\"background-image: url(https:\/\/ddosp.org\/wp-content\/uploads\/2024\/06\/cta-2-shape-1.png);\"><\/div>\r\n\t\t<div class=\"container\">\r\n\t\t\t<div class=\"row\">\r\n\t\t\t\t<div class=\"col-md-7\">\r\n\t\t\t\t\t\t\t\t\t\t\t<div class=\"sec-title text-left\">\r\n\t\t\t\t\t\t\t\t\t\t\t\t\t\t\t<h6 class=\"sec-title__tagline bw-split-in-right\"><span class=\"sec-title__tagline__border\"><\/span>BECOME A VOLUNTEER<\/h6><!-- \/.sec-title__tagline -->\r\n\t\t\t\t\t\t\t\t\t\t\t\t\t\t\t\t\t\t\t\t\t\t<h3 class=\"sec-title__title bw-split-in-left\">Let\u2019s Make a Difference<\/h3><!-- \/.sec-title__title -->\r\n\t\t\t\t\t\t\t\t\t\t\t\t\t<\/div><!-- \/.sec-title -->\r\n\t\t\t\t\t\t\t\t\t<\/div>\r\n\t\t\t\t<div class=\"col-md-5\">\r\n\t\t\t\t\t<div class=\"cta-two__button\">\r\n\t\t\t\t\t\t<img decoding=\"async\" src=\"https:\/\/ddosp.org\/wp-content\/uploads\/2024\/06\/arrow-1.png\" alt=\"alt\" title=\"arrow-1\" >\t\t\t\t\t\t\t\t\t\t\t\t\t<a href=\"https:\/\/ddosp.org\/become-a-volunteer\/\"  class=\"careox-btn\"><span>Become A Volunteer<\/span><\/a>\r\n\t\t\t\t\t\t\t\t\t\t\t<\/div>\r\n\t\t\t\t<\/div>\r\n\t\t\t<\/div>\r\n\t\t<\/div><!-- \/.container -->\r\n\t<\/section><!-- \/.cta-two -->\r\n\t\t\t\t<\/div>\n\t\t\t\t<\/div>\n\t\t\t\t<\/div>\n\t\t\t\t<\/div>\n\t\t","protected":false},"excerpt":{"rendered":"<p>Nos \u00e9v\u00e8nements Notre biblioth\u00e8que d\u00a0\u00bb\u00e9v\u00e8nements Event Raised Poor 02 Sep 2024 London City Event Raised Poor 02 Sep 2024 London City Event Raised Poor 02 Sep 2024 London City Event Raised Poor 02 Sep 2024 London City Event Raised Poor 02 Sep 2024 London City Event Raised Poor 02 Sep 2024 London City BECOME A [&hellip;]<\/p>\n","protected":false},"author":1,"featured_media":0,"parent":0,"menu_order":0,"comment_status":"closed","ping_status":"closed","template":"elementor_header_footer","meta":{"footnotes":""},"class_list":["post-74","page","type-page","status-publish","hentry"],"yoast_head":"<!-- This site is optimized with the Yoast SEO plugin v27.3 - https:\/\/yoast.com\/product\/yoast-seo-wordpress\/ -->\n<title>Nos Actions - Donnons Su Sourire aux Orphelins et Aux Personnes D\u00e9munies<\/title>\n<meta name=\"robots\" content=\"index, follow, max-snippet:-1, max-image-preview:large, max-video-preview:-1\" \/>\n<link rel=\"canonical\" href=\"https:\/\/ddosp.org\/?page_id=74\" \/>\n<meta property=\"og:locale\" content=\"fr_FR\" \/>\n<meta property=\"og:type\" content=\"article\" \/>\n<meta property=\"og:title\" content=\"Nos Actions - Donnons Su Sourire aux Orphelins et Aux Personnes D\u00e9munies\" \/>\n<meta property=\"og:description\" content=\"Nos \u00e9v\u00e8nements Notre biblioth\u00e8que d\u00a0\u00bb\u00e9v\u00e8nements Event Raised Poor 02 Sep 2024 London City Event Raised Poor 02 Sep 2024 London City Event Raised Poor 02 Sep 2024 London City Event Raised Poor 02 Sep 2024 London City Event Raised Poor 02 Sep 2024 London City Event Raised Poor 02 Sep 2024 London City BECOME A [&hellip;]\" \/>\n<meta property=\"og:url\" content=\"https:\/\/ddosp.org\/?page_id=74\" \/>\n<meta property=\"og:site_name\" content=\"Donnons Su Sourire aux Orphelins et Aux Personnes D\u00e9munies\" \/>\n<meta property=\"article:publisher\" content=\"https:\/\/web.facebook.com\/share\/g\/1AdTDXj3W4\/\" \/>\n<meta property=\"article:modified_time\" content=\"2026-04-29T14:34:18+00:00\" \/>\n<meta property=\"og:image\" content=\"https:\/\/ddosp.org\/wp-content\/uploads\/2024\/06\/event-1-1.jpg\" \/>\n<meta name=\"twitter:card\" content=\"summary_large_image\" \/>\n<meta name=\"twitter:label1\" content=\"Dur\u00e9e de lecture estim\u00e9e\" \/>\n\t<meta name=\"twitter:data1\" content=\"2 minutes\" \/>\n<script type=\"application\/ld+json\" class=\"yoast-schema-graph\">{\"@context\":\"https:\\\/\\\/schema.org\",\"@graph\":[{\"@type\":\"WebPage\",\"@id\":\"https:\\\/\\\/ddosp.org\\\/?page_id=74\",\"url\":\"https:\\\/\\\/ddosp.org\\\/?page_id=74\",\"name\":\"Nos Actions - Donnons Su Sourire aux Orphelins et Aux Personnes D\u00e9munies\",\"isPartOf\":{\"@id\":\"https:\\\/\\\/ddosp.org\\\/#website\"},\"primaryImageOfPage\":{\"@id\":\"https:\\\/\\\/ddosp.org\\\/?page_id=74#primaryimage\"},\"image\":{\"@id\":\"https:\\\/\\\/ddosp.org\\\/?page_id=74#primaryimage\"},\"thumbnailUrl\":\"https:\\\/\\\/ddosp.org\\\/wp-content\\\/uploads\\\/2024\\\/06\\\/event-1-1.jpg\",\"datePublished\":\"2024-06-09T05:00:03+00:00\",\"dateModified\":\"2026-04-29T14:34:18+00:00\",\"breadcrumb\":{\"@id\":\"https:\\\/\\\/ddosp.org\\\/?page_id=74#breadcrumb\"},\"inLanguage\":\"fr-FR\",\"potentialAction\":[{\"@type\":\"ReadAction\",\"target\":[\"https:\\\/\\\/ddosp.org\\\/?page_id=74\"]}]},{\"@type\":\"ImageObject\",\"inLanguage\":\"fr-FR\",\"@id\":\"https:\\\/\\\/ddosp.org\\\/?page_id=74#primaryimage\",\"url\":\"https:\\\/\\\/ddosp.org\\\/wp-content\\\/uploads\\\/2024\\\/06\\\/event-1-1.jpg\",\"contentUrl\":\"https:\\\/\\\/ddosp.org\\\/wp-content\\\/uploads\\\/2024\\\/06\\\/event-1-1.jpg\",\"width\":453,\"height\":439,\"caption\":\"alt\"},{\"@type\":\"BreadcrumbList\",\"@id\":\"https:\\\/\\\/ddosp.org\\\/?page_id=74#breadcrumb\",\"itemListElement\":[{\"@type\":\"ListItem\",\"position\":1,\"name\":\"Accueil\",\"item\":\"https:\\\/\\\/ddosp.org\\\/\"},{\"@type\":\"ListItem\",\"position\":2,\"name\":\"Nos Actions\"}]},{\"@type\":\"WebSite\",\"@id\":\"https:\\\/\\\/ddosp.org\\\/#website\",\"url\":\"https:\\\/\\\/ddosp.org\\\/\",\"name\":\"Donnons Su Sourire aux Orphelins et Aux Personnes D\u00e9munies\",\"description\":\"\",\"publisher\":{\"@id\":\"https:\\\/\\\/ddosp.org\\\/#organization\"},\"potentialAction\":[{\"@type\":\"SearchAction\",\"target\":{\"@type\":\"EntryPoint\",\"urlTemplate\":\"https:\\\/\\\/ddosp.org\\\/?s={search_term_string}\"},\"query-input\":{\"@type\":\"PropertyValueSpecification\",\"valueRequired\":true,\"valueName\":\"search_term_string\"}}],\"inLanguage\":\"fr-FR\"},{\"@type\":\"Organization\",\"@id\":\"https:\\\/\\\/ddosp.org\\\/#organization\",\"name\":\"Donnons Su Sourire aux Orphelins et Aux Personnes D\u00e9munies\",\"url\":\"https:\\\/\\\/ddosp.org\\\/\",\"logo\":{\"@type\":\"ImageObject\",\"inLanguage\":\"fr-FR\",\"@id\":\"https:\\\/\\\/ddosp.org\\\/#\\\/schema\\\/logo\\\/image\\\/\",\"url\":\"https:\\\/\\\/ddosp.org\\\/wp-content\\\/uploads\\\/2026\\\/03\\\/cropped-logo_ddosp.jpeg\",\"contentUrl\":\"https:\\\/\\\/ddosp.org\\\/wp-content\\\/uploads\\\/2026\\\/03\\\/cropped-logo_ddosp.jpeg\",\"width\":605,\"height\":653,\"caption\":\"Donnons Su Sourire aux Orphelins et Aux Personnes D\u00e9munies\"},\"image\":{\"@id\":\"https:\\\/\\\/ddosp.org\\\/#\\\/schema\\\/logo\\\/image\\\/\"},\"sameAs\":[\"https:\\\/\\\/web.facebook.com\\\/share\\\/g\\\/1AdTDXj3W4\\\/\"]}]}<\/script>\n<!-- \/ Yoast SEO plugin. -->","yoast_head_json":{"title":"Nos Actions - Donnons Su Sourire aux Orphelins et Aux Personnes D\u00e9munies","robots":{"index":"index","follow":"follow","max-snippet":"max-snippet:-1","max-image-preview":"max-image-preview:large","max-video-preview":"max-video-preview:-1"},"canonical":"https:\/\/ddosp.org\/?page_id=74","og_locale":"fr_FR","og_type":"article","og_title":"Nos Actions - Donnons Su Sourire aux Orphelins et Aux Personnes D\u00e9munies","og_description":"Nos \u00e9v\u00e8nements Notre biblioth\u00e8que d\u00a0\u00bb\u00e9v\u00e8nements Event Raised Poor 02 Sep 2024 London City Event Raised Poor 02 Sep 2024 London City Event Raised Poor 02 Sep 2024 London City Event Raised Poor 02 Sep 2024 London City Event Raised Poor 02 Sep 2024 London City Event Raised Poor 02 Sep 2024 London City BECOME A [&hellip;]","og_url":"https:\/\/ddosp.org\/?page_id=74","og_site_name":"Donnons Su Sourire aux Orphelins et Aux Personnes D\u00e9munies","article_publisher":"https:\/\/web.facebook.com\/share\/g\/1AdTDXj3W4\/","article_modified_time":"2026-04-29T14:34:18+00:00","og_image":[{"url":"https:\/\/ddosp.org\/wp-content\/uploads\/2024\/06\/event-1-1.jpg","type":"","width":"","height":""}],"twitter_card":"summary_large_image","twitter_misc":{"Dur\u00e9e de lecture estim\u00e9e":"2 minutes"},"schema":{"@context":"https:\/\/schema.org","@graph":[{"@type":"WebPage","@id":"https:\/\/ddosp.org\/?page_id=74","url":"https:\/\/ddosp.org\/?page_id=74","name":"Nos Actions - Donnons Su Sourire aux Orphelins et Aux Personnes D\u00e9munies","isPartOf":{"@id":"https:\/\/ddosp.org\/#website"},"primaryImageOfPage":{"@id":"https:\/\/ddosp.org\/?page_id=74#primaryimage"},"image":{"@id":"https:\/\/ddosp.org\/?page_id=74#primaryimage"},"thumbnailUrl":"https:\/\/ddosp.org\/wp-content\/uploads\/2024\/06\/event-1-1.jpg","datePublished":"2024-06-09T05:00:03+00:00","dateModified":"2026-04-29T14:34:18+00:00","breadcrumb":{"@id":"https:\/\/ddosp.org\/?page_id=74#breadcrumb"},"inLanguage":"fr-FR","potentialAction":[{"@type":"ReadAction","target":["https:\/\/ddosp.org\/?page_id=74"]}]},{"@type":"ImageObject","inLanguage":"fr-FR","@id":"https:\/\/ddosp.org\/?page_id=74#primaryimage","url":"https:\/\/ddosp.org\/wp-content\/uploads\/2024\/06\/event-1-1.jpg","contentUrl":"https:\/\/ddosp.org\/wp-content\/uploads\/2024\/06\/event-1-1.jpg","width":453,"height":439,"caption":"alt"},{"@type":"BreadcrumbList","@id":"https:\/\/ddosp.org\/?page_id=74#breadcrumb","itemListElement":[{"@type":"ListItem","position":1,"name":"Accueil","item":"https:\/\/ddosp.org\/"},{"@type":"ListItem","position":2,"name":"Nos Actions"}]},{"@type":"WebSite","@id":"https:\/\/ddosp.org\/#website","url":"https:\/\/ddosp.org\/","name":"Donnons Su Sourire aux Orphelins et Aux Personnes D\u00e9munies","description":"","publisher":{"@id":"https:\/\/ddosp.org\/#organization"},"potentialAction":[{"@type":"SearchAction","target":{"@type":"EntryPoint","urlTemplate":"https:\/\/ddosp.org\/?s={search_term_string}"},"query-input":{"@type":"PropertyValueSpecification","valueRequired":true,"valueName":"search_term_string"}}],"inLanguage":"fr-FR"},{"@type":"Organization","@id":"https:\/\/ddosp.org\/#organization","name":"Donnons Su Sourire aux Orphelins et Aux Personnes D\u00e9munies","url":"https:\/\/ddosp.org\/","logo":{"@type":"ImageObject","inLanguage":"fr-FR","@id":"https:\/\/ddosp.org\/#\/schema\/logo\/image\/","url":"https:\/\/ddosp.org\/wp-content\/uploads\/2026\/03\/cropped-logo_ddosp.jpeg","contentUrl":"https:\/\/ddosp.org\/wp-content\/uploads\/2026\/03\/cropped-logo_ddosp.jpeg","width":605,"height":653,"caption":"Donnons Su Sourire aux Orphelins et Aux Personnes D\u00e9munies"},"image":{"@id":"https:\/\/ddosp.org\/#\/schema\/logo\/image\/"},"sameAs":["https:\/\/web.facebook.com\/share\/g\/1AdTDXj3W4\/"]}]}},"_links":{"self":[{"href":"https:\/\/ddosp.org\/index.php?rest_route=\/wp\/v2\/pages\/74","targetHints":{"allow":["GET"]}}],"collection":[{"href":"https:\/\/ddosp.org\/index.php?rest_route=\/wp\/v2\/pages"}],"about":[{"href":"https:\/\/ddosp.org\/index.php?rest_route=\/wp\/v2\/types\/page"}],"author":[{"embeddable":true,"href":"https:\/\/ddosp.org\/index.php?rest_route=\/wp\/v2\/users\/1"}],"replies":[{"embeddable":true,"href":"https:\/\/ddosp.org\/index.php?rest_route=%2Fwp%2Fv2%2Fcomments&post=74"}],"version-history":[{"count":8,"href":"https:\/\/ddosp.org\/index.php?rest_route=\/wp\/v2\/pages\/74\/revisions"}],"predecessor-version":[{"id":1973,"href":"https:\/\/ddosp.org\/index.php?rest_route=\/wp\/v2\/pages\/74\/revisions\/1973"}],"wp:attachment":[{"href":"https:\/\/ddosp.org\/index.php?rest_route=%2Fwp%2Fv2%2Fmedia&parent=74"}],"curies":[{"name":"wp","href":"https:\/\/api.w.org\/{rel}","templated":true}]}}