{"id":1974,"date":"2026-04-29T14:58:06","date_gmt":"2026-04-29T14:58:06","guid":{"rendered":"https:\/\/ddosp.org\/?page_id=1974"},"modified":"2026-04-29T16:18:16","modified_gmt":"2026-04-29T16:18:16","slug":"faire-un-don","status":"publish","type":"page","link":"https:\/\/ddosp.org\/?page_id=1974","title":{"rendered":"Faire un don"},"content":{"rendered":"\t\t<div data-elementor-type=\"wp-page\" data-elementor-id=\"1974\" class=\"elementor elementor-1974\">\n\t\t\t\t<div class=\"elementor-element elementor-element-93a874e e-flex e-con-boxed e-con e-parent\" data-id=\"93a874e\" data-element_type=\"container\" data-e-type=\"container\" data-settings=\"{&quot;background_background&quot;:&quot;classic&quot;}\">\n\t\t\t\t\t<div class=\"e-con-inner\">\n\t\t\t\t<div class=\"elementor-element elementor-element-5c2f702 elementor-widget elementor-widget-spacer\" data-id=\"5c2f702\" data-element_type=\"widget\" data-e-type=\"widget\" data-widget_type=\"spacer.default\">\n\t\t\t\t\t\t\t<div class=\"elementor-spacer\">\n\t\t\t<div class=\"elementor-spacer-inner\"><\/div>\n\t\t<\/div>\n\t\t\t\t\t\t<\/div>\n\t\t\t\t<div class=\"elementor-element elementor-element-7c66a17 elementor-widget elementor-widget-careox-pricing\" data-id=\"7c66a17\" data-element_type=\"widget\" data-e-type=\"widget\" data-widget_type=\"careox-pricing.default\">\n\t\t\t\t<div class=\"elementor-widget-container\">\n\t\t\t\t\t\t<section class=\"pricing-one\">\r\n\t\t<div class=\"container\">\r\n\t\t\t\t\t\t\t<div class=\"sec-title text-center\">\r\n\t\t\t\t\t\t\t\t\t\t\t\t\t\t\t\t<h3 class=\"sec-title__title bw-split-in-left\">Faire un don<\/h3><!-- \/.sec-title__title -->\r\n\t\t\t\t\t\t\t\t\t<\/div><!-- \/.sec-title -->\r\n\t\t\t\t\t\t<div class=\"row gutter-y-30\">\r\n\t\t\t\t\t\t\t<\/div><!-- \/.row -->\r\n\t\t<\/div><!-- \/.container -->\r\n\t<\/section><!-- \/.pricing-one -->\r\n\t\t\t\t<\/div>\n\t\t\t\t<\/div>\n\t\t\t\t\t<\/div>\n\t\t\t\t<\/div>\n\t\t<div class=\"elementor-element elementor-element-40d0f90 e-flex e-con-boxed e-con e-parent\" data-id=\"40d0f90\" data-element_type=\"container\" data-e-type=\"container\">\n\t\t\t\t\t<div class=\"e-con-inner\">\n\t\t<div class=\"elementor-element elementor-element-003725b e-con-full e-flex e-con e-child\" data-id=\"003725b\" data-element_type=\"container\" data-e-type=\"container\">\n\t\t\t\t<div class=\"elementor-element elementor-element-ac8372e elementor-widget elementor-widget-spacer\" data-id=\"ac8372e\" data-element_type=\"widget\" data-e-type=\"widget\" data-widget_type=\"spacer.default\">\n\t\t\t\t\t\t\t<div class=\"elementor-spacer\">\n\t\t\t<div class=\"elementor-spacer-inner\"><\/div>\n\t\t<\/div>\n\t\t\t\t\t\t<\/div>\n\t\t\t\t<\/div>\n\t\t\t\t\t<\/div>\n\t\t\t\t<\/div>\n\t\t<div class=\"elementor-element elementor-element-c0af3eb e-flex e-con-boxed e-con e-parent\" data-id=\"c0af3eb\" data-element_type=\"container\" data-e-type=\"container\">\n\t\t\t\t\t<div class=\"e-con-inner\">\n\t\t<div class=\"elementor-element elementor-element-5cebdb5 e-con-full e-flex e-con e-child\" data-id=\"5cebdb5\" data-element_type=\"container\" data-e-type=\"container\">\n\t\t\t\t<div class=\"elementor-element elementor-element-ac0d34b elementor-widget elementor-widget-image\" data-id=\"ac0d34b\" data-element_type=\"widget\" data-e-type=\"widget\" data-widget_type=\"image.default\">\n\t\t\t\t\t\t\t\t\t\t\t\t\t\t\t<img fetchpriority=\"high\" decoding=\"async\" width=\"640\" height=\"453\" src=\"https:\/\/ddosp.org\/wp-content\/uploads\/2026\/04\/MTN_Plan-de-travail-1-1024x724.jpg\" class=\"attachment-large size-large wp-image-1978\" alt=\"\" srcset=\"https:\/\/ddosp.org\/wp-content\/uploads\/2026\/04\/MTN_Plan-de-travail-1-1024x724.jpg 1024w, https:\/\/ddosp.org\/wp-content\/uploads\/2026\/04\/MTN_Plan-de-travail-1-300x212.jpg 300w, https:\/\/ddosp.org\/wp-content\/uploads\/2026\/04\/MTN_Plan-de-travail-1-768x543.jpg 768w, https:\/\/ddosp.org\/wp-content\/uploads\/2026\/04\/MTN_Plan-de-travail-1-1536x1086.jpg 1536w, https:\/\/ddosp.org\/wp-content\/uploads\/2026\/04\/MTN_Plan-de-travail-1-2048x1449.jpg 2048w, https:\/\/ddosp.org\/wp-content\/uploads\/2026\/04\/MTN_Plan-de-travail-1-350x248.jpg 350w\" sizes=\"(max-width: 640px) 100vw, 640px\" \/>\t\t\t\t\t\t\t\t\t\t\t\t\t\t\t<\/div>\n\t\t\t\t<\/div>\n\t\t<div class=\"elementor-element elementor-element-32d9833 e-con-full e-flex e-con e-child\" data-id=\"32d9833\" data-element_type=\"container\" data-e-type=\"container\">\n\t\t\t\t<div class=\"elementor-element elementor-element-01cbf9d elementor-widget elementor-widget-image\" data-id=\"01cbf9d\" data-element_type=\"widget\" data-e-type=\"widget\" data-widget_type=\"image.default\">\n\t\t\t\t\t\t\t\t\t\t\t\t\t\t\t<img decoding=\"async\" width=\"640\" height=\"453\" src=\"https:\/\/ddosp.org\/wp-content\/uploads\/2026\/04\/ORANGE-02-1024x724.jpg\" class=\"attachment-large size-large wp-image-1977\" alt=\"\" srcset=\"https:\/\/ddosp.org\/wp-content\/uploads\/2026\/04\/ORANGE-02-1024x724.jpg 1024w, https:\/\/ddosp.org\/wp-content\/uploads\/2026\/04\/ORANGE-02-300x212.jpg 300w, https:\/\/ddosp.org\/wp-content\/uploads\/2026\/04\/ORANGE-02-768x543.jpg 768w, https:\/\/ddosp.org\/wp-content\/uploads\/2026\/04\/ORANGE-02-1536x1086.jpg 1536w, https:\/\/ddosp.org\/wp-content\/uploads\/2026\/04\/ORANGE-02-2048x1449.jpg 2048w, https:\/\/ddosp.org\/wp-content\/uploads\/2026\/04\/ORANGE-02-350x248.jpg 350w\" sizes=\"(max-width: 640px) 100vw, 640px\" \/>\t\t\t\t\t\t\t\t\t\t\t\t\t\t\t<\/div>\n\t\t\t\t<\/div>\n\t\t\t\t\t<\/div>\n\t\t\t\t<\/div>\n\t\t<div class=\"elementor-element elementor-element-c686feb e-flex e-con-boxed e-con e-parent\" data-id=\"c686feb\" data-element_type=\"container\" data-e-type=\"container\">\n\t\t\t\t\t<div class=\"e-con-inner\">\n\t\t\t\t<div class=\"elementor-element elementor-element-a3fd08d elementor-widget elementor-widget-spacer\" data-id=\"a3fd08d\" data-element_type=\"widget\" data-e-type=\"widget\" data-widget_type=\"spacer.default\">\n\t\t\t\t\t\t\t<div class=\"elementor-spacer\">\n\t\t\t<div class=\"elementor-spacer-inner\"><\/div>\n\t\t<\/div>\n\t\t\t\t\t\t<\/div>\n\t\t\t\t<div class=\"elementor-element elementor-element-0844021 elementor-widget elementor-widget-careox-pricing\" data-id=\"0844021\" data-element_type=\"widget\" data-e-type=\"widget\" data-widget_type=\"careox-pricing.default\">\n\t\t\t\t<div class=\"elementor-widget-container\">\n\t\t\t\t\t\t<section class=\"pricing-one\">\r\n\t\t<div class=\"container\">\r\n\t\t\t\t\t\t\t<div class=\"sec-title text-center\">\r\n\t\t\t\t\t\t\t\t\t\t\t<h6 class=\"sec-title__tagline bw-split-in-right\"><span class=\"sec-title__tagline__border\"><\/span>Soutenez notre cause<\/h6><!-- \/.sec-title__tagline -->\r\n\t\t\t\t\t\t\t\t\t\t\t\t\t\t\t\t<h3 class=\"sec-title__title bw-split-in-left\">le geste<\/h3><!-- \/.sec-title__title -->\r\n\t\t\t\t\t\t\t\t\t<\/div><!-- \/.sec-title -->\r\n\t\t\t\t\t\t<div class=\"row gutter-y-30\">\r\n\t\t\t\t\t\t\t<\/div><!-- \/.row -->\r\n\t\t<\/div><!-- \/.container -->\r\n\t<\/section><!-- \/.pricing-one -->\r\n\t\t\t\t<\/div>\n\t\t\t\t<\/div>\n\t\t\t\t\t<\/div>\n\t\t\t\t<\/div>\n\t\t<div class=\"elementor-element elementor-element-52bfaac e-flex e-con-boxed e-con e-parent\" data-id=\"52bfaac\" data-element_type=\"container\" data-e-type=\"container\">\n\t\t\t\t\t<div class=\"e-con-inner\">\n\t\t<div class=\"elementor-element elementor-element-b711aba e-con-full e-flex e-con e-child\" data-id=\"b711aba\" data-element_type=\"container\" data-e-type=\"container\">\n\t\t\t\t<\/div>\n\t\t<div class=\"elementor-element elementor-element-2afefec e-con-full e-flex e-con e-child\" data-id=\"2afefec\" data-element_type=\"container\" data-e-type=\"container\">\n\t\t\t\t<div class=\"elementor-element elementor-element-b9c7f91 elementor-widget elementor-widget-text-editor\" data-id=\"b9c7f91\" data-element_type=\"widget\" data-e-type=\"widget\" data-widget_type=\"text-editor.default\">\n\t\t\t\t\t\t\t\t\t<p>Votre g\u00e9n\u00e9rosit\u00e9 fait la diff\u00e9rence. Pour effectuer un don en toute s\u00e9curit\u00e9 via MTN MoMo ou Orange Money, merci de suivre la proc\u00e9dure ci-dessous :<\/p><h4><strong>Comment donner ?<\/strong><\/h4><p>Via MTN MoMo : Composez le <strong>*126*4*632340*montant#<\/strong><\/p><p>Via Orange Money : Composez le<strong> #150*47*804643#<\/strong><\/p><h4><strong>Confirmation de votre geste<\/strong><\/h4><p>Une fois le transfert effectu\u00e9, cliquez sur le bouton WhatsApp ci-dessous pour nous transmettre votre re\u00e7u ou une capture d&rsquo;\u00e9cran.<\/p><p>Cela nous permet de confirmer la bonne r\u00e9ception de votre soutien. Vous pouvez nous communiquer un Pseudo pour le suivi ou choisir de rester totalement Anonyme.<\/p><p>Merci infiniment pour votre contribution.<\/p><h6><em><strong>L\u2019\u00e9quipe DDOSP<\/strong><\/em><\/h6>\t\t\t\t\t\t\t\t<\/div>\n\t\t\t\t<\/div>\n\t\t<div class=\"elementor-element elementor-element-1afebd4 e-con-full e-flex e-con e-child\" data-id=\"1afebd4\" data-element_type=\"container\" data-e-type=\"container\">\n\t\t\t\t<\/div>\n\t\t\t\t\t<\/div>\n\t\t\t\t<\/div>\n\t\t<div class=\"elementor-element elementor-element-7368502 e-flex e-con-boxed e-con e-parent\" data-id=\"7368502\" data-element_type=\"container\" data-e-type=\"container\">\n\t\t\t\t\t<div class=\"e-con-inner\">\n\t\t\t\t\t<\/div>\n\t\t\t\t<\/div>\n\t\t\t\t<\/div>\n\t\t","protected":false},"excerpt":{"rendered":"<p>Faire un don Soutenez notre cause le geste Votre g\u00e9n\u00e9rosit\u00e9 fait la diff\u00e9rence. Pour effectuer un don en toute s\u00e9curit\u00e9 via MTN MoMo ou Orange Money, merci de suivre la proc\u00e9dure ci-dessous : Comment donner ? Via MTN MoMo : Composez le *126*4*632340*montant# Via Orange Money : Composez le #150*47*804643# Confirmation de votre geste Une [&hellip;]<\/p>\n","protected":false},"author":1,"featured_media":0,"parent":0,"menu_order":0,"comment_status":"closed","ping_status":"closed","template":"elementor_canvas","meta":{"footnotes":""},"class_list":["post-1974","page","type-page","status-publish","hentry"],"yoast_head":"<!-- This site is optimized with the Yoast SEO plugin v27.3 - https:\/\/yoast.com\/product\/yoast-seo-wordpress\/ -->\n<title>Faire un don - Donnons Su Sourire aux Orphelins et Aux Personnes D\u00e9munies<\/title>\n<meta name=\"robots\" content=\"index, follow, max-snippet:-1, max-image-preview:large, max-video-preview:-1\" \/>\n<link rel=\"canonical\" href=\"https:\/\/ddosp.org\/?page_id=1974\" \/>\n<meta property=\"og:locale\" content=\"fr_FR\" \/>\n<meta property=\"og:type\" content=\"article\" \/>\n<meta property=\"og:title\" content=\"Faire un don - Donnons Su Sourire aux Orphelins et Aux Personnes D\u00e9munies\" \/>\n<meta property=\"og:description\" content=\"Faire un don Soutenez notre cause le geste Votre g\u00e9n\u00e9rosit\u00e9 fait la diff\u00e9rence. Pour effectuer un don en toute s\u00e9curit\u00e9 via MTN MoMo ou Orange Money, merci de suivre la proc\u00e9dure ci-dessous : Comment donner ? Via MTN MoMo : Composez le *126*4*632340*montant# Via Orange Money : Composez le #150*47*804643# Confirmation de votre geste Une [&hellip;]\" \/>\n<meta property=\"og:url\" content=\"https:\/\/ddosp.org\/?page_id=1974\" \/>\n<meta property=\"og:site_name\" content=\"Donnons Su Sourire aux Orphelins et Aux Personnes D\u00e9munies\" \/>\n<meta property=\"article:publisher\" content=\"https:\/\/web.facebook.com\/share\/g\/1AdTDXj3W4\/\" \/>\n<meta property=\"article:modified_time\" content=\"2026-04-29T16:18:16+00:00\" \/>\n<meta property=\"og:image\" content=\"https:\/\/ddosp.org\/wp-content\/uploads\/2026\/04\/MTN_Plan-de-travail-1-scaled.jpg\" \/>\n\t<meta property=\"og:image:width\" content=\"2560\" \/>\n\t<meta property=\"og:image:height\" content=\"1811\" \/>\n\t<meta property=\"og:image:type\" content=\"image\/jpeg\" \/>\n<meta name=\"twitter:card\" content=\"summary_large_image\" \/>\n<meta name=\"twitter:label1\" content=\"Dur\u00e9e de lecture estim\u00e9e\" \/>\n\t<meta name=\"twitter:data1\" content=\"1 minute\" \/>\n<script type=\"application\/ld+json\" class=\"yoast-schema-graph\">{\"@context\":\"https:\\\/\\\/schema.org\",\"@graph\":[{\"@type\":\"WebPage\",\"@id\":\"https:\\\/\\\/ddosp.org\\\/?page_id=1974\",\"url\":\"https:\\\/\\\/ddosp.org\\\/?page_id=1974\",\"name\":\"Faire un don - Donnons Su Sourire aux Orphelins et Aux Personnes D\u00e9munies\",\"isPartOf\":{\"@id\":\"https:\\\/\\\/ddosp.org\\\/#website\"},\"primaryImageOfPage\":{\"@id\":\"https:\\\/\\\/ddosp.org\\\/?page_id=1974#primaryimage\"},\"image\":{\"@id\":\"https:\\\/\\\/ddosp.org\\\/?page_id=1974#primaryimage\"},\"thumbnailUrl\":\"https:\\\/\\\/ddosp.org\\\/wp-content\\\/uploads\\\/2026\\\/04\\\/MTN_Plan-de-travail-1-1024x724.jpg\",\"datePublished\":\"2026-04-29T14:58:06+00:00\",\"dateModified\":\"2026-04-29T16:18:16+00:00\",\"breadcrumb\":{\"@id\":\"https:\\\/\\\/ddosp.org\\\/?page_id=1974#breadcrumb\"},\"inLanguage\":\"fr-FR\",\"potentialAction\":[{\"@type\":\"ReadAction\",\"target\":[\"https:\\\/\\\/ddosp.org\\\/?page_id=1974\"]}]},{\"@type\":\"ImageObject\",\"inLanguage\":\"fr-FR\",\"@id\":\"https:\\\/\\\/ddosp.org\\\/?page_id=1974#primaryimage\",\"url\":\"https:\\\/\\\/ddosp.org\\\/wp-content\\\/uploads\\\/2026\\\/04\\\/MTN_Plan-de-travail-1-scaled.jpg\",\"contentUrl\":\"https:\\\/\\\/ddosp.org\\\/wp-content\\\/uploads\\\/2026\\\/04\\\/MTN_Plan-de-travail-1-scaled.jpg\",\"width\":2560,\"height\":1811},{\"@type\":\"BreadcrumbList\",\"@id\":\"https:\\\/\\\/ddosp.org\\\/?page_id=1974#breadcrumb\",\"itemListElement\":[{\"@type\":\"ListItem\",\"position\":1,\"name\":\"Accueil\",\"item\":\"https:\\\/\\\/ddosp.org\\\/\"},{\"@type\":\"ListItem\",\"position\":2,\"name\":\"Faire un don\"}]},{\"@type\":\"WebSite\",\"@id\":\"https:\\\/\\\/ddosp.org\\\/#website\",\"url\":\"https:\\\/\\\/ddosp.org\\\/\",\"name\":\"Donnons Su Sourire aux Orphelins et Aux Personnes D\u00e9munies\",\"description\":\"\",\"publisher\":{\"@id\":\"https:\\\/\\\/ddosp.org\\\/#organization\"},\"potentialAction\":[{\"@type\":\"SearchAction\",\"target\":{\"@type\":\"EntryPoint\",\"urlTemplate\":\"https:\\\/\\\/ddosp.org\\\/?s={search_term_string}\"},\"query-input\":{\"@type\":\"PropertyValueSpecification\",\"valueRequired\":true,\"valueName\":\"search_term_string\"}}],\"inLanguage\":\"fr-FR\"},{\"@type\":\"Organization\",\"@id\":\"https:\\\/\\\/ddosp.org\\\/#organization\",\"name\":\"Donnons Su Sourire aux Orphelins et Aux Personnes D\u00e9munies\",\"url\":\"https:\\\/\\\/ddosp.org\\\/\",\"logo\":{\"@type\":\"ImageObject\",\"inLanguage\":\"fr-FR\",\"@id\":\"https:\\\/\\\/ddosp.org\\\/#\\\/schema\\\/logo\\\/image\\\/\",\"url\":\"https:\\\/\\\/ddosp.org\\\/wp-content\\\/uploads\\\/2026\\\/03\\\/cropped-logo_ddosp.jpeg\",\"contentUrl\":\"https:\\\/\\\/ddosp.org\\\/wp-content\\\/uploads\\\/2026\\\/03\\\/cropped-logo_ddosp.jpeg\",\"width\":605,\"height\":653,\"caption\":\"Donnons Su Sourire aux Orphelins et Aux Personnes D\u00e9munies\"},\"image\":{\"@id\":\"https:\\\/\\\/ddosp.org\\\/#\\\/schema\\\/logo\\\/image\\\/\"},\"sameAs\":[\"https:\\\/\\\/web.facebook.com\\\/share\\\/g\\\/1AdTDXj3W4\\\/\"]}]}<\/script>\n<!-- \/ Yoast SEO plugin. -->","yoast_head_json":{"title":"Faire un don - Donnons Su Sourire aux Orphelins et Aux Personnes D\u00e9munies","robots":{"index":"index","follow":"follow","max-snippet":"max-snippet:-1","max-image-preview":"max-image-preview:large","max-video-preview":"max-video-preview:-1"},"canonical":"https:\/\/ddosp.org\/?page_id=1974","og_locale":"fr_FR","og_type":"article","og_title":"Faire un don - Donnons Su Sourire aux Orphelins et Aux Personnes D\u00e9munies","og_description":"Faire un don Soutenez notre cause le geste Votre g\u00e9n\u00e9rosit\u00e9 fait la diff\u00e9rence. Pour effectuer un don en toute s\u00e9curit\u00e9 via MTN MoMo ou Orange Money, merci de suivre la proc\u00e9dure ci-dessous : Comment donner ? Via MTN MoMo : Composez le *126*4*632340*montant# Via Orange Money : Composez le #150*47*804643# Confirmation de votre geste Une [&hellip;]","og_url":"https:\/\/ddosp.org\/?page_id=1974","og_site_name":"Donnons Su Sourire aux Orphelins et Aux Personnes D\u00e9munies","article_publisher":"https:\/\/web.facebook.com\/share\/g\/1AdTDXj3W4\/","article_modified_time":"2026-04-29T16:18:16+00:00","og_image":[{"width":2560,"height":1811,"url":"https:\/\/ddosp.org\/wp-content\/uploads\/2026\/04\/MTN_Plan-de-travail-1-scaled.jpg","type":"image\/jpeg"}],"twitter_card":"summary_large_image","twitter_misc":{"Dur\u00e9e de lecture estim\u00e9e":"1 minute"},"schema":{"@context":"https:\/\/schema.org","@graph":[{"@type":"WebPage","@id":"https:\/\/ddosp.org\/?page_id=1974","url":"https:\/\/ddosp.org\/?page_id=1974","name":"Faire un don - Donnons Su Sourire aux Orphelins et Aux Personnes D\u00e9munies","isPartOf":{"@id":"https:\/\/ddosp.org\/#website"},"primaryImageOfPage":{"@id":"https:\/\/ddosp.org\/?page_id=1974#primaryimage"},"image":{"@id":"https:\/\/ddosp.org\/?page_id=1974#primaryimage"},"thumbnailUrl":"https:\/\/ddosp.org\/wp-content\/uploads\/2026\/04\/MTN_Plan-de-travail-1-1024x724.jpg","datePublished":"2026-04-29T14:58:06+00:00","dateModified":"2026-04-29T16:18:16+00:00","breadcrumb":{"@id":"https:\/\/ddosp.org\/?page_id=1974#breadcrumb"},"inLanguage":"fr-FR","potentialAction":[{"@type":"ReadAction","target":["https:\/\/ddosp.org\/?page_id=1974"]}]},{"@type":"ImageObject","inLanguage":"fr-FR","@id":"https:\/\/ddosp.org\/?page_id=1974#primaryimage","url":"https:\/\/ddosp.org\/wp-content\/uploads\/2026\/04\/MTN_Plan-de-travail-1-scaled.jpg","contentUrl":"https:\/\/ddosp.org\/wp-content\/uploads\/2026\/04\/MTN_Plan-de-travail-1-scaled.jpg","width":2560,"height":1811},{"@type":"BreadcrumbList","@id":"https:\/\/ddosp.org\/?page_id=1974#breadcrumb","itemListElement":[{"@type":"ListItem","position":1,"name":"Accueil","item":"https:\/\/ddosp.org\/"},{"@type":"ListItem","position":2,"name":"Faire un don"}]},{"@type":"WebSite","@id":"https:\/\/ddosp.org\/#website","url":"https:\/\/ddosp.org\/","name":"Donnons Su Sourire aux Orphelins et Aux Personnes D\u00e9munies","description":"","publisher":{"@id":"https:\/\/ddosp.org\/#organization"},"potentialAction":[{"@type":"SearchAction","target":{"@type":"EntryPoint","urlTemplate":"https:\/\/ddosp.org\/?s={search_term_string}"},"query-input":{"@type":"PropertyValueSpecification","valueRequired":true,"valueName":"search_term_string"}}],"inLanguage":"fr-FR"},{"@type":"Organization","@id":"https:\/\/ddosp.org\/#organization","name":"Donnons Su Sourire aux Orphelins et Aux Personnes D\u00e9munies","url":"https:\/\/ddosp.org\/","logo":{"@type":"ImageObject","inLanguage":"fr-FR","@id":"https:\/\/ddosp.org\/#\/schema\/logo\/image\/","url":"https:\/\/ddosp.org\/wp-content\/uploads\/2026\/03\/cropped-logo_ddosp.jpeg","contentUrl":"https:\/\/ddosp.org\/wp-content\/uploads\/2026\/03\/cropped-logo_ddosp.jpeg","width":605,"height":653,"caption":"Donnons Su Sourire aux Orphelins et Aux Personnes D\u00e9munies"},"image":{"@id":"https:\/\/ddosp.org\/#\/schema\/logo\/image\/"},"sameAs":["https:\/\/web.facebook.com\/share\/g\/1AdTDXj3W4\/"]}]}},"_links":{"self":[{"href":"https:\/\/ddosp.org\/index.php?rest_route=\/wp\/v2\/pages\/1974","targetHints":{"allow":["GET"]}}],"collection":[{"href":"https:\/\/ddosp.org\/index.php?rest_route=\/wp\/v2\/pages"}],"about":[{"href":"https:\/\/ddosp.org\/index.php?rest_route=\/wp\/v2\/types\/page"}],"author":[{"embeddable":true,"href":"https:\/\/ddosp.org\/index.php?rest_route=\/wp\/v2\/users\/1"}],"replies":[{"embeddable":true,"href":"https:\/\/ddosp.org\/index.php?rest_route=%2Fwp%2Fv2%2Fcomments&post=1974"}],"version-history":[{"count":19,"href":"https:\/\/ddosp.org\/index.php?rest_route=\/wp\/v2\/pages\/1974\/revisions"}],"predecessor-version":[{"id":2012,"href":"https:\/\/ddosp.org\/index.php?rest_route=\/wp\/v2\/pages\/1974\/revisions\/2012"}],"wp:attachment":[{"href":"https:\/\/ddosp.org\/index.php?rest_route=%2Fwp%2Fv2%2Fmedia&parent=1974"}],"curies":[{"name":"wp","href":"https:\/\/api.w.org\/{rel}","templated":true}]}}